{"id":59,"date":"2025-03-26T20:21:27","date_gmt":"2025-03-26T20:21:27","guid":{"rendered":"https:\/\/gemhymarine.com\/?page_id=59"},"modified":"2025-04-28T11:20:23","modified_gmt":"2025-04-28T11:20:23","slug":"who-we-are","status":"publish","type":"page","link":"https:\/\/gemhymarine.com\/fr\/who-we-are\/","title":{"rendered":"\u00c0 propos de nous"},"content":{"rendered":"<div data-elementor-type=\"wp-page\" data-elementor-id=\"59\" class=\"elementor elementor-59\" data-elementor-post-type=\"page\">\n\t\t\t\t\t\t<section data-ka-cursor-size=\"1\" class=\"elementor-section elementor-top-section elementor-element elementor-element-b5b07d3 elementor-section-full_width elementor-section-height-min-height elementor-section-stretched elementor-section-height-default elementor-section-items-middle\" data-id=\"b5b07d3\" data-element_type=\"section\" data-e-type=\"section\" data-settings=\"{&quot;stretch_section&quot;:&quot;section-stretched&quot;,&quot;background_background&quot;:&quot;classic&quot;,&quot;kng_cursor_interaction&quot;:&quot;default&quot;,&quot;kng_cursor_magnetic&quot;:&quot;none&quot;,&quot;kng_cursor_size_multiplier&quot;:{&quot;unit&quot;:&quot;px&quot;,&quot;size&quot;:1,&quot;sizes&quot;:[]}}\">\n\t\t\t\t\t\t\t<div class=\"elementor-background-overlay\"><\/div>\n\t\t\t\t\t\t\t<div class=\"elementor-container elementor-column-gap-default\">\n\t\t\t\t\t<div data-ka-cursor-size=\"1\" class=\"elementor-column elementor-col-100 elementor-top-column elementor-element elementor-element-0ee681f\" data-id=\"0ee681f\" data-element_type=\"column\" data-e-type=\"column\" data-settings=\"{&quot;kng_cursor_interaction&quot;:&quot;default&quot;,&quot;kng_cursor_magnetic&quot;:&quot;none&quot;,&quot;kng_cursor_size_multiplier&quot;:{&quot;unit&quot;:&quot;px&quot;,&quot;size&quot;:1,&quot;sizes&quot;:[]}}\">\n\t\t\t<div class=\"elementor-widget-wrap elementor-element-populated\">\n\t\t\t\t\t\t<div data-ka-cursor-size=\"1\" class=\"elementor-element elementor-element-6ef3cfa elementor-widget elementor-widget-heading\" data-id=\"6ef3cfa\" data-element_type=\"widget\" data-e-type=\"widget\" data-settings=\"{&quot;kng_cursor_interaction&quot;:&quot;default&quot;,&quot;kng_cursor_magnetic&quot;:&quot;none&quot;,&quot;kng_cursor_size_multiplier&quot;:{&quot;unit&quot;:&quot;px&quot;,&quot;size&quot;:1,&quot;sizes&quot;:[]}}\" data-widget_type=\"heading.default\">\n\t\t\t\t<div class=\"elementor-widget-container\">\n\t\t\t\t\t<h1 class=\"elementor-heading-title elementor-size-default\">\u00c0 propos de nous<\/h1>\t\t\t\t<\/div>\n\t\t\t\t<\/div>\n\t\t\t\t\t<\/div>\n\t\t<\/div>\n\t\t\t\t\t<\/div>\n\t\t<\/section>\n\t\t\t\t<section data-ka-cursor-size=\"1\" class=\"elementor-section elementor-top-section elementor-element elementor-element-e09ac84 elementor-section-height-min-height elementor-section-boxed elementor-section-height-default elementor-section-items-middle\" data-id=\"e09ac84\" data-element_type=\"section\" data-e-type=\"section\" data-settings=\"{&quot;kng_cursor_interaction&quot;:&quot;default&quot;,&quot;kng_cursor_magnetic&quot;:&quot;none&quot;,&quot;kng_cursor_size_multiplier&quot;:{&quot;unit&quot;:&quot;px&quot;,&quot;size&quot;:1,&quot;sizes&quot;:[]}}\">\n\t\t\t\t\t\t<div class=\"elementor-container elementor-column-gap-default\">\n\t\t\t\t\t<div data-ka-cursor-size=\"1\" class=\"elementor-column elementor-col-100 elementor-top-column elementor-element elementor-element-a1ba84b\" data-id=\"a1ba84b\" data-element_type=\"column\" data-e-type=\"column\" data-settings=\"{&quot;kng_cursor_interaction&quot;:&quot;default&quot;,&quot;kng_cursor_magnetic&quot;:&quot;none&quot;,&quot;kng_cursor_size_multiplier&quot;:{&quot;unit&quot;:&quot;px&quot;,&quot;size&quot;:1,&quot;sizes&quot;:[]}}\">\n\t\t\t<div class=\"elementor-widget-wrap elementor-element-populated\">\n\t\t\t\t\t\t<div data-ka-cursor-size=\"1\" class=\"elementor-element elementor-element-d6aee08 elementor-widget elementor-widget-image\" data-id=\"d6aee08\" data-element_type=\"widget\" data-e-type=\"widget\" data-settings=\"{&quot;kng_cursor_interaction&quot;:&quot;default&quot;,&quot;kng_cursor_magnetic&quot;:&quot;none&quot;,&quot;kng_cursor_size_multiplier&quot;:{&quot;unit&quot;:&quot;px&quot;,&quot;size&quot;:1,&quot;sizes&quot;:[]}}\" data-widget_type=\"image.default\">\n\t\t\t\t<div class=\"elementor-widget-container\">\n\t\t\t\t\t\t\t\t\t\t\t\t\t\t\t<img fetchpriority=\"high\" decoding=\"async\" width=\"735\" height=\"177\" src=\"https:\/\/gemhymarine.com\/wp-content\/uploads\/2025\/03\/cropped-123456-242x58.png\" class=\"attachment-full size-full wp-image-49\" alt=\"gemhymarine\" srcset=\"https:\/\/gemhymarine.com\/wp-content\/uploads\/2025\/03\/cropped-123456.png 735w, https:\/\/gemhymarine.com\/wp-content\/uploads\/2025\/03\/cropped-123456-300x72.png 300w, https:\/\/gemhymarine.com\/wp-content\/uploads\/2025\/03\/cropped-123456-18x4.png 18w, https:\/\/gemhymarine.com\/wp-content\/uploads\/2025\/03\/cropped-123456-200x48.png 200w, https:\/\/gemhymarine.com\/wp-content\/uploads\/2025\/03\/cropped-123456-242x58.png 242w\" sizes=\"(max-width: 735px) 100vw, 735px\" \/>\t\t\t\t\t\t\t\t\t\t\t\t\t\t\t<\/div>\n\t\t\t\t<\/div>\n\t\t\t\t\t<\/div>\n\t\t<\/div>\n\t\t\t\t\t<\/div>\n\t\t<\/section>\n\t\t\t\t<section data-ka-cursor-size=\"1\" class=\"elementor-section elementor-top-section elementor-element elementor-element-de84e4b elementor-section-height-min-height elementor-section-boxed elementor-section-height-default elementor-section-items-middle\" data-id=\"de84e4b\" data-element_type=\"section\" data-e-type=\"section\" data-settings=\"{&quot;kng_cursor_interaction&quot;:&quot;default&quot;,&quot;kng_cursor_magnetic&quot;:&quot;none&quot;,&quot;kng_cursor_size_multiplier&quot;:{&quot;unit&quot;:&quot;px&quot;,&quot;size&quot;:1,&quot;sizes&quot;:[]}}\">\n\t\t\t\t\t\t<div class=\"elementor-container elementor-column-gap-default\">\n\t\t\t\t\t<div data-ka-cursor-size=\"1\" class=\"elementor-column elementor-col-100 elementor-top-column elementor-element elementor-element-83a9868\" data-id=\"83a9868\" data-element_type=\"column\" data-e-type=\"column\" data-settings=\"{&quot;kng_cursor_interaction&quot;:&quot;default&quot;,&quot;kng_cursor_magnetic&quot;:&quot;none&quot;,&quot;kng_cursor_size_multiplier&quot;:{&quot;unit&quot;:&quot;px&quot;,&quot;size&quot;:1,&quot;sizes&quot;:[]}}\">\n\t\t\t<div class=\"elementor-widget-wrap elementor-element-populated\">\n\t\t\t\t\t\t<div data-ka-cursor-size=\"1\" class=\"elementor-element elementor-element-713a405 elementor-widget elementor-widget-text-editor\" data-id=\"713a405\" data-element_type=\"widget\" data-e-type=\"widget\" data-settings=\"{&quot;kng_cursor_interaction&quot;:&quot;default&quot;,&quot;kng_cursor_magnetic&quot;:&quot;none&quot;,&quot;kng_cursor_size_multiplier&quot;:{&quot;unit&quot;:&quot;px&quot;,&quot;size&quot;:1,&quot;sizes&quot;:[]}}\" data-widget_type=\"text-editor.default\">\n\t\t\t\t<div class=\"elementor-widget-container\">\n\t\t\t\t\t\t\t\t\t<p class=\"\" data-start=\"16\" data-end=\"326\">Chez Gemhy Marine, nous sommes sp\u00e9cialis\u00e9s dans la conception et l'ex\u00e9cution de syst\u00e8mes de prise d'eau de mer pour les usines de dessalement, en fournissant des solutions maritimes innovantes bas\u00e9es sur l'ing\u00e9niosit\u00e9 navale (ou ing\u00e9nierie maritime). Notre expertise garantit des infrastructures efficaces, durables et \u00e0 haute performance, cr\u00e9ant une valeur durable pour nos clients.<\/p><p class=\"\" data-start=\"328\" data-end=\"682\">Nous offrons des solutions offshore int\u00e9gr\u00e9es, fournissant une gamme compl\u00e8te de services, incluant les op\u00e9rations de plong\u00e9e, les \u00e9tudes hydrographiques et g\u00e9ophysiques, ainsi que des services maritimes sp\u00e9cialis\u00e9s.\n\nGr\u00e2ce \u00e0 une \u00e9quipe hautement qualifi\u00e9e et \u00e0 une technologie de pointe, nous ex\u00e9cutons chaque projet avec pr\u00e9cision, en respectant les normes les plus strictes en mati\u00e8re de qualit\u00e9, de s\u00e9curit\u00e9 et d'efficacit\u00e9.<\/p><p class=\"\" data-start=\"684\" data-end=\"1050\">Notre engagement envers l\u2019excellence va au-del\u00e0 de l\u2019expertise technique. Nous accordons la priorit\u00e9 \u00e0 la s\u00e9curit\u00e9, \u00e0 la conformit\u00e9 r\u00e9glementaire et \u00e0 la responsabilit\u00e9 environnementale dans toutes nos op\u00e9rations. Qu\u2019il s\u2019agisse de soutenir les infrastructures de dessalement, de r\u00e9aliser des inspections sous-marines ou de faciliter la logistique offshore, nous fournissons des solutions sur mesure qui optimisent la performance et la rentabilit\u00e9.<\/p><p class=\"\" data-start=\"1271\" data-end=\"1408\">\u00a0<\/p>\t\t\t\t\t\t\t\t<\/div>\n\t\t\t\t<\/div>\n\t\t\t\t\t<\/div>\n\t\t<\/div>\n\t\t\t\t\t<\/div>\n\t\t<\/section>\n\t\t\t\t<section data-ka-cursor-size=\"1\" class=\"elementor-section elementor-top-section elementor-element elementor-element-e53864a elementor-section-height-min-height elementor-section-boxed elementor-section-height-default elementor-section-items-middle\" data-id=\"e53864a\" data-element_type=\"section\" data-e-type=\"section\" data-settings=\"{&quot;kng_cursor_interaction&quot;:&quot;default&quot;,&quot;kng_cursor_magnetic&quot;:&quot;none&quot;,&quot;kng_cursor_size_multiplier&quot;:{&quot;unit&quot;:&quot;px&quot;,&quot;size&quot;:1,&quot;sizes&quot;:[]}}\">\n\t\t\t\t\t\t<div class=\"elementor-container elementor-column-gap-default\">\n\t\t\t\t\t<div data-ka-cursor-size=\"1\" class=\"elementor-column elementor-col-100 elementor-top-column elementor-element elementor-element-8e246aa\" data-id=\"8e246aa\" data-element_type=\"column\" data-e-type=\"column\" data-settings=\"{&quot;kng_cursor_interaction&quot;:&quot;default&quot;,&quot;kng_cursor_magnetic&quot;:&quot;none&quot;,&quot;kng_cursor_size_multiplier&quot;:{&quot;unit&quot;:&quot;px&quot;,&quot;size&quot;:1,&quot;sizes&quot;:[]}}\">\n\t\t\t<div class=\"elementor-widget-wrap\">\n\t\t\t\t\t\t\t<\/div>\n\t\t<\/div>\n\t\t\t\t\t<\/div>\n\t\t<\/section>\n\t\t\t\t<\/div>","protected":false},"excerpt":{"rendered":"<p>About us At Gemhy Marine, we specialize in the design and execution of seawater intake systems for desalination plants, providing [&hellip;]<\/p>\n","protected":false},"author":1,"featured_media":0,"parent":0,"menu_order":0,"comment_status":"closed","ping_status":"closed","template":"","meta":{"site-sidebar-layout":"no-sidebar","site-content-layout":"","ast-site-content-layout":"full-width-container","site-content-style":"default","site-sidebar-style":"default","ast-global-header-display":"","ast-banner-title-visibility":"","ast-main-header-display":"","ast-hfb-above-header-display":"","ast-hfb-below-header-display":"","ast-hfb-mobile-header-display":"","site-post-title":"disabled","ast-breadcrumbs-content":"","ast-featured-img":"disabled","footer-sml-layout":"","ast-disable-related-posts":"","theme-transparent-header-meta":"default","adv-header-id-meta":"","stick-header-meta":"","header-above-stick-meta":"","header-main-stick-meta":"","header-below-stick-meta":"","astra-migrate-meta-layouts":"set","ast-page-background-enabled":"default","ast-page-background-meta":{"desktop":{"background-color":"var(--ast-global-color-5)","background-image":"","background-repeat":"repeat","background-position":"center center","background-size":"auto","background-attachment":"scroll","background-type":"","background-media":"","overlay-type":"","overlay-color":"","overlay-opacity":"","overlay-gradient":""},"tablet":{"background-color":"","background-image":"","background-repeat":"repeat","background-position":"center center","background-size":"auto","background-attachment":"scroll","background-type":"","background-media":"","overlay-type":"","overlay-color":"","overlay-opacity":"","overlay-gradient":""},"mobile":{"background-color":"","background-image":"","background-repeat":"repeat","background-position":"center center","background-size":"auto","background-attachment":"scroll","background-type":"","background-media":"","overlay-type":"","overlay-color":"","overlay-opacity":"","overlay-gradient":""}},"ast-content-background-meta":{"desktop":{"background-color":"var(--ast-global-color-4)","background-image":"","background-repeat":"repeat","background-position":"center center","background-size":"auto","background-attachment":"scroll","background-type":"","background-media":"","overlay-type":"","overlay-color":"","overlay-opacity":"","overlay-gradient":""},"tablet":{"background-color":"var(--ast-global-color-4)","background-image":"","background-repeat":"repeat","background-position":"center center","background-size":"auto","background-attachment":"scroll","background-type":"","background-media":"","overlay-type":"","overlay-color":"","overlay-opacity":"","overlay-gradient":""},"mobile":{"background-color":"var(--ast-global-color-4)","background-image":"","background-repeat":"repeat","background-position":"center center","background-size":"auto","background-attachment":"scroll","background-type":"","background-media":"","overlay-type":"","overlay-color":"","overlay-opacity":"","overlay-gradient":""}},"footnotes":""},"class_list":["post-59","page","type-page","status-publish","hentry"],"yoast_head":"<!-- This site is optimized with the Yoast SEO plugin v27.2 - https:\/\/yoast.com\/product\/yoast-seo-wordpress\/ -->\n<title>About us<\/title>\n<meta name=\"robots\" content=\"noindex, nofollow\" \/>\n<meta property=\"og:locale\" content=\"fr_FR\" \/>\n<meta property=\"og:type\" content=\"article\" \/>\n<meta property=\"og:title\" content=\"About us\" \/>\n<meta property=\"og:description\" content=\"About us At Gemhy Marine, we specialize in the design and execution of seawater intake systems for desalination plants, providing [&hellip;]\" \/>\n<meta property=\"og:url\" content=\"https:\/\/gemhymarine.com\/fr\/who-we-are\/\" \/>\n<meta property=\"article:modified_time\" content=\"2025-04-28T11:20:23+00:00\" \/>\n<meta property=\"og:image\" content=\"http:\/\/gemhymarine.com\/wp-content\/uploads\/2025\/03\/cropped-123456-242x58.png\" \/>\n<meta name=\"twitter:card\" content=\"summary_large_image\" \/>\n<meta name=\"twitter:label1\" content=\"Dur\u00e9e de lecture estim\u00e9e\" \/>\n\t<meta name=\"twitter:data1\" content=\"1 minute\" \/>\n<script type=\"application\/ld+json\" class=\"yoast-schema-graph\">{\"@context\":\"https:\/\/schema.org\",\"@graph\":[{\"@type\":\"WebPage\",\"@id\":\"https:\/\/gemhymarine.com\/who-we-are\/\",\"url\":\"https:\/\/gemhymarine.com\/who-we-are\/\",\"name\":\"About us\",\"isPartOf\":{\"@id\":\"https:\/\/gemhymarine.com\/#website\"},\"primaryImageOfPage\":{\"@id\":\"https:\/\/gemhymarine.com\/who-we-are\/#primaryimage\"},\"image\":{\"@id\":\"https:\/\/gemhymarine.com\/who-we-are\/#primaryimage\"},\"thumbnailUrl\":\"http:\/\/gemhymarine.com\/wp-content\/uploads\/2025\/03\/cropped-123456-242x58.png\",\"datePublished\":\"2025-03-26T20:21:27+00:00\",\"dateModified\":\"2025-04-28T11:20:23+00:00\",\"breadcrumb\":{\"@id\":\"https:\/\/gemhymarine.com\/who-we-are\/#breadcrumb\"},\"inLanguage\":\"fr-FR\",\"potentialAction\":[{\"@type\":\"ReadAction\",\"target\":[\"https:\/\/gemhymarine.com\/who-we-are\/\"]}]},{\"@type\":\"ImageObject\",\"inLanguage\":\"fr-FR\",\"@id\":\"https:\/\/gemhymarine.com\/who-we-are\/#primaryimage\",\"url\":\"http:\/\/gemhymarine.com\/wp-content\/uploads\/2025\/03\/cropped-123456-242x58.png\",\"contentUrl\":\"http:\/\/gemhymarine.com\/wp-content\/uploads\/2025\/03\/cropped-123456-242x58.png\"},{\"@type\":\"BreadcrumbList\",\"@id\":\"https:\/\/gemhymarine.com\/who-we-are\/#breadcrumb\",\"itemListElement\":[{\"@type\":\"ListItem\",\"position\":1,\"name\":\"Home\",\"item\":\"https:\/\/gemhymarine.com\/\"},{\"@type\":\"ListItem\",\"position\":2,\"name\":\"About us\"}]},{\"@type\":\"WebSite\",\"@id\":\"https:\/\/gemhymarine.com\/#website\",\"url\":\"https:\/\/gemhymarine.com\/\",\"name\":\"Gemhy Marine Engineering & Construction\",\"description\":\"Gemhy Marine\",\"publisher\":{\"@id\":\"https:\/\/gemhymarine.com\/#organization\"},\"alternateName\":\"Gemhy Marine\",\"potentialAction\":[{\"@type\":\"SearchAction\",\"target\":{\"@type\":\"EntryPoint\",\"urlTemplate\":\"https:\/\/gemhymarine.com\/?s={search_term_string}\"},\"query-input\":{\"@type\":\"PropertyValueSpecification\",\"valueRequired\":true,\"valueName\":\"search_term_string\"}}],\"inLanguage\":\"fr-FR\"},{\"@type\":\"Organization\",\"@id\":\"https:\/\/gemhymarine.com\/#organization\",\"name\":\"Gemhy Marine\",\"url\":\"https:\/\/gemhymarine.com\/\",\"logo\":{\"@type\":\"ImageObject\",\"inLanguage\":\"fr-FR\",\"@id\":\"https:\/\/gemhymarine.com\/#\/schema\/logo\/image\/\",\"url\":\"http:\/\/gemhymarine.com\/wp-content\/uploads\/2025\/04\/cropped-98.png\",\"contentUrl\":\"http:\/\/gemhymarine.com\/wp-content\/uploads\/2025\/04\/cropped-98.png\",\"width\":512,\"height\":512,\"caption\":\"Gemhy Marine\"},\"image\":{\"@id\":\"https:\/\/gemhymarine.com\/#\/schema\/logo\/image\/\"}}]}<\/script>\n<!-- \/ Yoast SEO plugin. -->","yoast_head_json":{"title":"\u00c0 propos de nous","robots":{"index":"noindex","follow":"nofollow"},"og_locale":"fr_FR","og_type":"article","og_title":"About us","og_description":"About us At Gemhy Marine, we specialize in the design and execution of seawater intake systems for desalination plants, providing [&hellip;]","og_url":"https:\/\/gemhymarine.com\/fr\/who-we-are\/","article_modified_time":"2025-04-28T11:20:23+00:00","og_image":[{"url":"http:\/\/gemhymarine.com\/wp-content\/uploads\/2025\/03\/cropped-123456-242x58.png","type":"","width":"","height":""}],"twitter_card":"summary_large_image","twitter_misc":{"Dur\u00e9e de lecture estim\u00e9e":"1 minute"},"schema":{"@context":"https:\/\/schema.org","@graph":[{"@type":"WebPage","@id":"https:\/\/gemhymarine.com\/who-we-are\/","url":"https:\/\/gemhymarine.com\/who-we-are\/","name":"\u00c0 propos de nous","isPartOf":{"@id":"https:\/\/gemhymarine.com\/#website"},"primaryImageOfPage":{"@id":"https:\/\/gemhymarine.com\/who-we-are\/#primaryimage"},"image":{"@id":"https:\/\/gemhymarine.com\/who-we-are\/#primaryimage"},"thumbnailUrl":"http:\/\/gemhymarine.com\/wp-content\/uploads\/2025\/03\/cropped-123456-242x58.png","datePublished":"2025-03-26T20:21:27+00:00","dateModified":"2025-04-28T11:20:23+00:00","breadcrumb":{"@id":"https:\/\/gemhymarine.com\/who-we-are\/#breadcrumb"},"inLanguage":"fr-FR","potentialAction":[{"@type":"ReadAction","target":["https:\/\/gemhymarine.com\/who-we-are\/"]}]},{"@type":"ImageObject","inLanguage":"fr-FR","@id":"https:\/\/gemhymarine.com\/who-we-are\/#primaryimage","url":"http:\/\/gemhymarine.com\/wp-content\/uploads\/2025\/03\/cropped-123456-242x58.png","contentUrl":"http:\/\/gemhymarine.com\/wp-content\/uploads\/2025\/03\/cropped-123456-242x58.png"},{"@type":"BreadcrumbList","@id":"https:\/\/gemhymarine.com\/who-we-are\/#breadcrumb","itemListElement":[{"@type":"ListItem","position":1,"name":"Home","item":"https:\/\/gemhymarine.com\/"},{"@type":"ListItem","position":2,"name":"About us"}]},{"@type":"WebSite","@id":"https:\/\/gemhymarine.com\/#website","url":"https:\/\/gemhymarine.com\/","name":"Gemhy Marine Engineering & Construction","description":"Gemhy Marine","publisher":{"@id":"https:\/\/gemhymarine.com\/#organization"},"alternateName":"Gemhy Marine","potentialAction":[{"@type":"SearchAction","target":{"@type":"EntryPoint","urlTemplate":"https:\/\/gemhymarine.com\/?s={search_term_string}"},"query-input":{"@type":"PropertyValueSpecification","valueRequired":true,"valueName":"search_term_string"}}],"inLanguage":"fr-FR"},{"@type":"Organization","@id":"https:\/\/gemhymarine.com\/#organization","name":"Gemhy Marine","url":"https:\/\/gemhymarine.com\/","logo":{"@type":"ImageObject","inLanguage":"fr-FR","@id":"https:\/\/gemhymarine.com\/#\/schema\/logo\/image\/","url":"http:\/\/gemhymarine.com\/wp-content\/uploads\/2025\/04\/cropped-98.png","contentUrl":"http:\/\/gemhymarine.com\/wp-content\/uploads\/2025\/04\/cropped-98.png","width":512,"height":512,"caption":"Gemhy Marine"},"image":{"@id":"https:\/\/gemhymarine.com\/#\/schema\/logo\/image\/"}}]}},"_links":{"self":[{"href":"https:\/\/gemhymarine.com\/fr\/wp-json\/wp\/v2\/pages\/59","targetHints":{"allow":["GET"]}}],"collection":[{"href":"https:\/\/gemhymarine.com\/fr\/wp-json\/wp\/v2\/pages"}],"about":[{"href":"https:\/\/gemhymarine.com\/fr\/wp-json\/wp\/v2\/types\/page"}],"author":[{"embeddable":true,"href":"https:\/\/gemhymarine.com\/fr\/wp-json\/wp\/v2\/users\/1"}],"replies":[{"embeddable":true,"href":"https:\/\/gemhymarine.com\/fr\/wp-json\/wp\/v2\/comments?post=59"}],"version-history":[{"count":0,"href":"https:\/\/gemhymarine.com\/fr\/wp-json\/wp\/v2\/pages\/59\/revisions"}],"wp:attachment":[{"href":"https:\/\/gemhymarine.com\/fr\/wp-json\/wp\/v2\/media?parent=59"}],"curies":[{"name":"wp","href":"https:\/\/api.w.org\/{rel}","templated":true}]}}